{"id":152,"date":"2026-01-29T11:30:29","date_gmt":"2026-01-29T10:30:29","guid":{"rendered":"http:\/\/192.168.0.62\/?page_id=152"},"modified":"2026-02-05T11:07:58","modified_gmt":"2026-02-05T10:07:58","slug":"team","status":"publish","type":"page","link":"https:\/\/www.mynet-online.com\/index.php\/team\/","title":{"rendered":"Team"},"content":{"rendered":"\n<div class=\"wp-block-group alignwide is-layout-flow wp-block-group-is-layout-flow\">\n<p class=\"has-text-align-center\"><strong>Das Team hinter Ihrer IT<\/strong><\/p>\n<\/div>\n\n\n\n<div class=\"wp-block-group alignwide is-layout-flow wp-block-group-is-layout-flow\">\n<p class=\"has-text-align-center\">Technologie ist nur so gut wie die Menschen, die sie betreuen. Bei <strong> <\/strong>der myNet IT Consulting arbeiten wir nicht nur mit Servern und Codes, sondern vor allem f\u00fcr Menschen. Wir sind ein bunter Mix aus erfahrenen System-Administratoren, kreativen Probleml\u00f6sern und strategischen Beratern.<\/p>\n\n\n\n<p class=\"has-text-align-center\">Was uns vereint? Die Leidenschaft f\u00fcr stabile Systeme und das Ziel, Ihren Arbeitsalltag jeden Tag ein St\u00fcck einfacher zu machen. Wir sind erst zufrieden, wenn Ihre Technik unsichtbar im Hintergrund gl\u00e4nzt.<\/p>\n\n\n\n<div style=\"height:20px\" aria-hidden=\"true\" class=\"wp-block-spacer\"><\/div>\n\n\n\n<p class=\"has-text-align-center\"><strong>Lernen Sie die K\u00f6pfe kennen, die Ihre IT sicher machen.<\/strong><\/p>\n<\/div>\n\n\n\n<div class=\"wp-block-columns alignwide are-vertically-aligned-center is-layout-flex wp-container-core-columns-is-layout-28f84493 wp-block-columns-is-layout-flex\">\n<div class=\"wp-block-column is-vertically-aligned-center is-layout-flow wp-block-column-is-layout-flow\"><div class=\"tmm tmm_willy-blatter\"><div class=\"tmm_1_columns tmm_wrap tmm_plugin_f\"><span class=\"tmm_two_containers_tablet\"><\/span><div class=\"tmm_container\"><div class=\"tmm_member\" style=\"border-top:#42a62a solid 5px;\"><div class=\"tmm_photo tmm_pic_willy-blatter_0\" style=\"background: url(http:\/\/www.mynet-online.com\/wp-content\/uploads\/2026\/01\/Me.webp); margin-left: auto; margin-right:auto; background-size:cover !important;\"><\/div><div class=\"tmm_textblock\"><div class=\"tmm_names\"><span class=\"tmm_fname\">Willy<\/span> <span class=\"tmm_lname\">Blatter<\/span><\/div><div class=\"tmm_job\">IT Consultant<\/div><div class=\"tmm_desc\" style=\"text-align:\"><p>Allrounder und Enterprise Engineer<\/p>\r\n<p>Schwerpunkt: Gesamtheitliche IT Infrastrukturen<\/p>\r\n<p>W\u00e4hrend die Server schwitzen, bleibt er cool. Sein Ruhepuls liegt selbst bei einem Systemausfall stabil bei 60 Schl\u00e4gen pro Minute.<\/p><\/div><div class=\"tmm_scblock\"><a target=\"_blank\" class=\"tmm_sociallink\" href=\"https:\/\/www.linkedin.com\/in\/willy-blatter-879774154\/\" title=\"LinkedIn\"><img decoding=\"async\" alt=\"LinkedIn\" src=\"https:\/\/www.mynet-online.com\/wp-content\/plugins\/team-members\/inc\/img\/links\/linkedin.png\"\/><\/a><\/div><\/div><\/div><div style=\"clear:both;\"><\/div><\/div><\/div><\/div>\n<\/div>\n\n\n\n<div class=\"wp-block-column is-vertically-aligned-center is-layout-flow wp-block-column-is-layout-flow\"><div class=\"tmm tmm_patric-kellenberger\"><div class=\"tmm_1_columns tmm_wrap tmm_plugin_f\"><span class=\"tmm_two_containers_tablet\"><\/span><div class=\"tmm_container\"><div class=\"tmm_member\" style=\"border-top:#42a62a solid 5px;\"><div class=\"tmm_photo tmm_pic_patric-kellenberger_0\" style=\"background: url(http:\/\/www.mynet-online.com\/wp-content\/uploads\/2026\/02\/Patric-Kellenberger.jpg); margin-left: auto; margin-right:auto; background-size:cover !important;\"><\/div><div class=\"tmm_textblock\"><div class=\"tmm_names\"><span class=\"tmm_fname\">Patric<\/span> <span class=\"tmm_lname\">Kellenberger<\/span><\/div><div class=\"tmm_job\">IT Conulstant<\/div><div class=\"tmm_desc\" style=\"text-align:\"><p>Allrounder und Enterprise Engineer<\/p><p>Schwerpunkt: Active Directory, IAM und IAG<\/p><p>Er regelt den Zugriff auf unsere Systeme so l\u00e4ssig, als w\u00fcrde er VIP-B\u00e4ndchen im Club verteilen. Nur ohne Schlange stehen.<\/p><\/div><div class=\"tmm_scblock\"><a target=\"_blank\" class=\"tmm_sociallink\" href=\"https:\/\/www.linkedin.com\/in\/patric-kellenberger-086643189\/\" title=\"LinkedIn\"><img decoding=\"async\" alt=\"LinkedIn\" src=\"https:\/\/www.mynet-online.com\/wp-content\/plugins\/team-members\/inc\/img\/links\/linkedin.png\"\/><\/a><\/div><\/div><\/div><div style=\"clear:both;\"><\/div><\/div><\/div><\/div>\n<\/div>\n<\/div>\n","protected":false},"excerpt":{"rendered":"<p>Das Team hinter Ihrer IT Technologie ist nur so gut wie die Menschen, die sie betreuen. Bei der myNet IT Consulting arbeiten wir nicht nur mit Servern und Codes, sondern vor allem f\u00fcr Menschen. Wir sind ein bunter Mix aus erfahrenen System-Administratoren, kreativen Probleml\u00f6sern und strategischen Beratern. Was uns vereint? Die Leidenschaft f\u00fcr stabile Systeme [&hellip;]<\/p>\n","protected":false},"author":1,"featured_media":0,"parent":0,"menu_order":4,"comment_status":"closed","ping_status":"closed","template":"","meta":{"_gspb_post_css":"","footnotes":""},"class_list":["post-152","page","type-page","status-publish","hentry"],"featured_image_src":null,"_links":{"self":[{"href":"https:\/\/www.mynet-online.com\/index.php\/wp-json\/wp\/v2\/pages\/152","targetHints":{"allow":["GET"]}}],"collection":[{"href":"https:\/\/www.mynet-online.com\/index.php\/wp-json\/wp\/v2\/pages"}],"about":[{"href":"https:\/\/www.mynet-online.com\/index.php\/wp-json\/wp\/v2\/types\/page"}],"author":[{"embeddable":true,"href":"https:\/\/www.mynet-online.com\/index.php\/wp-json\/wp\/v2\/users\/1"}],"replies":[{"embeddable":true,"href":"https:\/\/www.mynet-online.com\/index.php\/wp-json\/wp\/v2\/comments?post=152"}],"version-history":[{"count":11,"href":"https:\/\/www.mynet-online.com\/index.php\/wp-json\/wp\/v2\/pages\/152\/revisions"}],"predecessor-version":[{"id":289,"href":"https:\/\/www.mynet-online.com\/index.php\/wp-json\/wp\/v2\/pages\/152\/revisions\/289"}],"wp:attachment":[{"href":"https:\/\/www.mynet-online.com\/index.php\/wp-json\/wp\/v2\/media?parent=152"}],"curies":[{"name":"wp","href":"https:\/\/api.w.org\/{rel}","templated":true}]}}