{"id":144,"date":"2026-01-29T11:30:54","date_gmt":"2026-01-29T10:30:54","guid":{"rendered":"http:\/\/192.168.0.62\/?page_id=144"},"modified":"2026-02-05T10:06:48","modified_gmt":"2026-02-05T09:06:48","slug":"ueber-uns","status":"publish","type":"page","link":"https:\/\/www.mynet-online.com\/index.php\/ueber-uns\/","title":{"rendered":"Unsere Werte"},"content":{"rendered":"\n<div class=\"wp-block-group alignwide is-layout-flow wp-block-group-is-layout-flow\">\n<p class=\"has-text-align-center\">Ihr IT-Partner mit Herz und Verstand.<\/p>\n<\/div>\n\n\n\n<div class=\"wp-block-group alignwide is-layout-flow wp-block-group-is-layout-flow\">\n<p class=\"has-text-align-center\"><strong>Wer wir sind<\/strong><\/p>\n<\/div>\n\n\n\n<div class=\"wp-block-group alignwide is-layout-flow wp-block-group-is-layout-flow\">\n<p class=\"has-text-align-center\">Wir sind die myNet IT Consulting, ein Team aus leidenschaftlichen IT-Experten aus Steinach SG. Wir glauben, dass IT mehr ist als nur Kabel, Server und Software. F\u00fcr uns ist IT das Fundament, auf dem moderne Unternehmen wachsen.<\/p>\n<\/div>\n\n\n\n<div class=\"wp-block-group alignwide is-layout-flow wp-block-group-is-layout-flow\">\n<p class=\"has-text-align-center\">Seit unserer Gr\u00fcndung im Jahr 2015 haben wir es uns zur Aufgabe gemacht, Technik f\u00fcr unsere Kunden verst\u00e4ndlich und nutzbar zu machen. Wir sind nicht nur Ihr Dienstleister \u2013 wir verstehen uns als Ihre externe IT-Abteilung, die mitdenkt und vorausschaut.<\/p>\n\n\n\n<div style=\"height:20px\" aria-hidden=\"true\" class=\"wp-block-spacer\"><\/div>\n<\/div>\n\n\n\n<div class=\"wp-block-group alignwide is-layout-flow wp-block-group-is-layout-flow\">\n<p class=\"has-text-align-center\"><strong>Unsere Philosophie: IT auf Augenh\u00f6he<\/strong><\/p>\n<\/div>\n\n\n\n<div class=\"wp-block-group alignwide is-layout-flow wp-block-group-is-layout-flow\">\n<p class=\"has-text-align-center\">In der IT-Welt wird oft mit komplizierten Begriffen um sich geworfen. Wir machen das anders. Wir sprechen Ihre Sprache. Unser Ziel ist es, L\u00f6sungen zu schaffen, die Ihren Arbeitsalltag erleichtern, statt ihn komplizierter zu machen.<\/p>\n<\/div>\n\n\n\n<div style=\"height:20px\" aria-hidden=\"true\" class=\"wp-block-spacer\"><\/div>\n\n\n\n<div class=\"wp-block-group alignwide is-layout-flow wp-block-group-is-layout-flow\">\n<p class=\"has-text-align-center\"><strong>Was uns wichtig ist:<\/strong><\/p>\n<\/div>\n\n\n\n<div class=\"wp-block-group alignwide is-layout-flow wp-block-group-is-layout-flow\"><div class=\"ub_counter-container wp-elements-21daa451520c908daf58964570557358 wp-block-ub-counter\" id=\"ub-counter-\">\n\t\t\t\t\t<div class=\"ub_counter ub_text-center\" data-start_num=\"0\" data-end_num=\"100\" data-animation_duration=\"2\" style=\"\">\n\t\t\t\t\t\t \n\t\t\t\t\t\t <div class=\"ub_counter-number-wrapper\" style=\"color: #42a62a; font-size: 23px; font-style: normal; font-weight: 700; \">\n\t\t\t\t\t\t\t  <span class=\"ub_counter-prefix\">Ehrlichkeit: <\/span>\n\t\t\t\t\t\t\t  <span class=\"ub_counter-number\">0<\/span>\n\t\t\t\t\t\t\t  <span class=\"ub_counter-suffix\">%<\/span>\n\t\t\t\t\t\t <\/div>\n\t\t\t\t\t\t <div class=\"ub_counter-label-wrapper\" style=\"font-size: 16px; font-style: normal; font-weight: 700; \"><span class=\"ub_counter-label\"><\/span><\/div>\n\t\t\t\t\t<\/div>\n\t\t\t   <\/div>\n\n\n<p class=\"has-text-align-center\">Wir empfehlen Ihnen nur das, was Sie wirklich weiterbringt.<\/p>\n\n\n<div class=\"ub_counter-container wp-elements-cba5a0b140c3735052a8c3ccf91f2426 wp-block-ub-counter\" id=\"ub-counter-\">\n\t\t\t\t\t<div class=\"ub_counter ub_text-center\" data-start_num=\"0\" data-end_num=\"100\" data-animation_duration=\"2\" style=\"\">\n\t\t\t\t\t\t \n\t\t\t\t\t\t <div class=\"ub_counter-number-wrapper\" style=\"color: #42a62a; font-size: 23px; font-style: normal; font-weight: 700; \">\n\t\t\t\t\t\t\t  <span class=\"ub_counter-prefix\">Zuverl\u00e4ssigkeit: <\/span>\n\t\t\t\t\t\t\t  <span class=\"ub_counter-number\">0<\/span>\n\t\t\t\t\t\t\t  <span class=\"ub_counter-suffix\">%<\/span>\n\t\t\t\t\t\t <\/div>\n\t\t\t\t\t\t <div class=\"ub_counter-label-wrapper\" style=\"font-size: 16px; font-style: normal; font-weight: 700; \"><span class=\"ub_counter-label\"><\/span><\/div>\n\t\t\t\t\t<\/div>\n\t\t\t   <\/div>\n\n\n<p class=\"has-text-align-center\">Wenn es brennt, sind wir f\u00fcr Sie da. Ohne lange Warteschleifen.<\/p>\n\n\n<div class=\"ub_counter-container wp-elements-74cbf654472a9c9add6ca2d0fabf85b2 wp-block-ub-counter\" id=\"ub-counter-\">\n\t\t\t\t\t<div class=\"ub_counter ub_text-center\" data-start_num=\"0\" data-end_num=\"100\" data-animation_duration=\"2\" style=\"\">\n\t\t\t\t\t\t \n\t\t\t\t\t\t <div class=\"ub_counter-number-wrapper\" style=\"color: #42a62a; font-size: 23px; font-style: normal; font-weight: 700; \">\n\t\t\t\t\t\t\t  <span class=\"ub_counter-prefix\">Zukunftssicher: <\/span>\n\t\t\t\t\t\t\t  <span class=\"ub_counter-number\">0<\/span>\n\t\t\t\t\t\t\t  <span class=\"ub_counter-suffix\">%<\/span>\n\t\t\t\t\t\t <\/div>\n\t\t\t\t\t\t <div class=\"ub_counter-label-wrapper\" style=\"font-size: 16px; font-style: normal; font-weight: 700; \"><span class=\"ub_counter-label\"><\/span><\/div>\n\t\t\t\t\t<\/div>\n\t\t\t   <\/div>\n\n\n<p class=\"has-text-align-center\">Wir bauen heute die Systeme, die Sie auch morgen noch erfolgreich machen.<\/p>\n<\/div>\n\n\n\n<div style=\"height:20px\" aria-hidden=\"true\" class=\"wp-block-spacer\"><\/div>\n\n\n\n<div class=\"wp-block-group alignwide is-layout-flow wp-block-group-is-layout-flow\">\n<p class=\"has-text-align-center\"><strong>Warum Sie uns vertrauen k\u00f6nnen<\/strong><\/p>\n<\/div>\n\n\n\n<div class=\"wp-block-group alignwide is-layout-flow wp-block-group-is-layout-flow\">\n<p class=\"has-text-align-center\">Mit jahrelanger Erfahrung und st\u00e4ndiger Weiterbildung bleiben wir am Puls der Zeit. Ob Cloud-Migration, IT-Sicherheit oder die t\u00e4gliche Wartung \u2013 wir bringen die n\u00f6tige Ruhe und Expertise in Ihre digitale Welt. Wir lieben technische Herausforderungen, verlieren dabei aber nie den Blick f\u00fcr die wirtschaftliche Sinnhaftigkeit aus den Augen.<\/p>\n<\/div>\n\n\n\n<div style=\"height:20px\" aria-hidden=\"true\" class=\"wp-block-spacer\"><\/div>\n\n\n\n<div class=\"wp-block-group alignwide is-layout-flow wp-block-group-is-layout-flow\">\n<p class=\"has-text-align-center\"><strong>Lernen wir uns kennen!<\/strong><\/p>\n<\/div>\n\n\n\n<div class=\"wp-block-group alignwide is-layout-flow wp-block-group-is-layout-flow\">\n<p class=\"has-text-align-center\">Ein gutes IT-Konzept beginnt immer mit einem guten Gespr\u00e4ch. Wir freuen uns darauf, mehr \u00fcber Ihr Unternehmen zu erfahren und gemeinsam die beste L\u00f6sung f\u00fcr Ihre IT zu finden.<\/p>\n<\/div>\n\n\n\n<div style=\"height:20px\" aria-hidden=\"true\" class=\"wp-block-spacer\"><\/div>\n\n\n\n<div class=\"wp-block-buttons is-content-justification-center is-layout-flex wp-container-core-buttons-is-layout-a89b3969 wp-block-buttons-is-layout-flex\">\n<div class=\"wp-block-button\"><a class=\"wp-block-button__link wp-element-button\" href=\"http:\/\/www.mynet-online.com\/index.php\/kontakt\/\">Jetzt Kontakt aufnehmen<\/a><\/div>\n<\/div>\n","protected":false},"excerpt":{"rendered":"<p>Ihr IT-Partner mit Herz und Verstand. Wer wir sind Wir sind die myNet IT Consulting, ein Team aus leidenschaftlichen IT-Experten aus Steinach SG. Wir glauben, dass IT mehr ist als nur Kabel, Server und Software. F\u00fcr uns ist IT das Fundament, auf dem moderne Unternehmen wachsen. Seit unserer Gr\u00fcndung im Jahr 2015 haben wir es [&hellip;]<\/p>\n","protected":false},"author":1,"featured_media":0,"parent":0,"menu_order":3,"comment_status":"closed","ping_status":"closed","template":"","meta":{"_gspb_post_css":"","footnotes":""},"class_list":["post-144","page","type-page","status-publish","hentry"],"featured_image_src":null,"_links":{"self":[{"href":"https:\/\/www.mynet-online.com\/index.php\/wp-json\/wp\/v2\/pages\/144","targetHints":{"allow":["GET"]}}],"collection":[{"href":"https:\/\/www.mynet-online.com\/index.php\/wp-json\/wp\/v2\/pages"}],"about":[{"href":"https:\/\/www.mynet-online.com\/index.php\/wp-json\/wp\/v2\/types\/page"}],"author":[{"embeddable":true,"href":"https:\/\/www.mynet-online.com\/index.php\/wp-json\/wp\/v2\/users\/1"}],"replies":[{"embeddable":true,"href":"https:\/\/www.mynet-online.com\/index.php\/wp-json\/wp\/v2\/comments?post=144"}],"version-history":[{"count":13,"href":"https:\/\/www.mynet-online.com\/index.php\/wp-json\/wp\/v2\/pages\/144\/revisions"}],"predecessor-version":[{"id":265,"href":"https:\/\/www.mynet-online.com\/index.php\/wp-json\/wp\/v2\/pages\/144\/revisions\/265"}],"wp:attachment":[{"href":"https:\/\/www.mynet-online.com\/index.php\/wp-json\/wp\/v2\/media?parent=144"}],"curies":[{"name":"wp","href":"https:\/\/api.w.org\/{rel}","templated":true}]}}