{"id":141,"date":"2026-01-29T11:35:02","date_gmt":"2026-01-29T10:35:02","guid":{"rendered":"http:\/\/192.168.0.62\/?page_id=141"},"modified":"2026-02-05T11:00:17","modified_gmt":"2026-02-05T10:00:17","slug":"dienstleistungen","status":"publish","type":"page","link":"https:\/\/www.mynet-online.com\/index.php\/dienstleistungen\/","title":{"rendered":"Dienstleistungen"},"content":{"rendered":"\n<div class=\"wp-block-group alignwide is-layout-flow wp-block-group-is-layout-flow\">\n<p class=\"has-text-align-center\">Wir k\u00fcmmern uns darum, dass Ihre Technik im Alltag reibungslos funktioniert. Unser Ziel ist es, Ihnen den R\u00fccken freizuhalten, damit Sie sich voll und ganz auf Ihr Kerngesch\u00e4ft konzentrieren k\u00f6nnen. Dabei setzen wir auf verst\u00e4ndliche L\u00f6sungen statt kompliziertem Fachchinesisch.<\/p>\n<\/div>\n\n\n\n<div style=\"height:20px\" aria-hidden=\"true\" class=\"wp-block-spacer\"><\/div>\n\n\n\n<div class=\"wp-block-greenshift-blocks-container gspb_container gspb_container-gsbp-9e968e1\" id=\"gspb_container-id-gsbp-9e968e1\" data-aos=\"fade\" data-aos-delay=\"500\" data-aos-easing=\"ease\" data-aos-duration=\"1000\" data-aos-once=\"true\">\n<div class=\"wp-block-group is-nowrap is-layout-flex wp-container-core-group-is-layout-6c531013 wp-block-group-is-layout-flex\">\n<div class=\"wp-block-yuky-block-icons-google\"><div class=\"box-icon\"><span class=\"material-symbols-outlined\" aria-label=\"Headset Mic\" style=\"font-variation-settings:&quot;FILL&quot; 0, &quot;wght&quot; 400, &quot;GRAD&quot; 0, &quot;opsz&quot; 24;font-size:70px;color:#42a62a;--block-icons-google-hover-color:#333\">headset_mic<\/span><\/div><\/div>\n\n\n\n<p><strong>IT-Support:<\/strong> Wir helfen Ihnen schnell, wenn Computer oder Programme nicht richtig funktionieren.<\/p>\n<\/div>\n<\/div>\n\n\n\n<div class=\"wp-block-greenshift-blocks-container gspb_container gspb_container-gsbp-a723a73\" id=\"gspb_container-id-gsbp-a723a73\" data-aos=\"fade\" data-aos-delay=\"1000\" data-aos-easing=\"ease\" data-aos-duration=\"1000\" data-aos-once=\"true\">\n<div class=\"wp-block-group is-nowrap is-layout-flex wp-container-core-group-is-layout-6c531013 wp-block-group-is-layout-flex\">\n<div class=\"wp-block-yuky-block-icons-google\"><div class=\"box-icon\"><span class=\"material-symbols-outlined\" aria-label=\"Manage\" style=\"font-variation-settings:&quot;FILL&quot; 0, &quot;wght&quot; 400, &quot;GRAD&quot; 0, &quot;opsz&quot; 24;font-size:70px;color:#42a62a;--block-icons-google-hover-color:#333\">manage_search<\/span><\/div><\/div>\n\n\n\n<p><strong>Managed Services:<\/strong> Wir \u00fcberwachen Ihre Technik rund um die Uhr und l\u00f6sen Probleme, bevor Sie sie bemerken.<\/p>\n<\/div>\n<\/div>\n\n\n\n<div class=\"wp-block-greenshift-blocks-container gspb_container gspb_container-gsbp-f65fc4d\" id=\"gspb_container-id-gsbp-f65fc4d\" data-aos=\"fade\" data-aos-delay=\"1500\" data-aos-easing=\"ease\" data-aos-duration=\"1000\" data-aos-once=\"true\">\n<div class=\"wp-block-group is-nowrap is-layout-flex wp-container-core-group-is-layout-6c531013 wp-block-group-is-layout-flex\">\n<div class=\"wp-block-yuky-block-icons-google\"><div class=\"box-icon\"><span class=\"material-symbols-outlined\" aria-label=\"Cloud Upload\" style=\"font-variation-settings:&quot;FILL&quot; 0, &quot;wght&quot; 400, &quot;GRAD&quot; 0, &quot;opsz&quot; 24;font-size:70px;color:#42a62a;--block-icons-google-hover-color:#333\">cloud_upload<\/span><\/div><\/div>\n\n\n\n<p><strong>Cloud-L\u00f6sungen:<\/strong> Wir speichern Ihre Daten sicher im Internet, damit Sie von \u00fcberall darauf zugreifen k\u00f6nnen.<\/p>\n<\/div>\n<\/div>\n\n\n\n<div class=\"wp-block-greenshift-blocks-container gspb_container gspb_container-gsbp-25a05bb\" id=\"gspb_container-id-gsbp-25a05bb\" data-aos=\"fade\" data-aos-delay=\"2000\" data-aos-easing=\"ease\" data-aos-duration=\"1000\" data-aos-once=\"true\">\n<div class=\"wp-block-group is-nowrap is-layout-flex wp-container-core-group-is-layout-6c531013 wp-block-group-is-layout-flex\">\n<div class=\"wp-block-yuky-block-icons-google\"><div class=\"box-icon\"><span class=\"material-symbols-outlined\" aria-label=\"Privacyandsecurity Shield Lock\" style=\"font-variation-settings:&quot;FILL&quot; 0, &quot;wght&quot; 400, &quot;GRAD&quot; 0, &quot;opsz&quot; 24;font-size:70px;color:#42a62a;--block-icons-google-hover-color:#333\">shield_lock<\/span><\/div><\/div>\n\n\n\n<p><strong>Cyber-Sicherheit:<\/strong> Wir sch\u00fctzen Ihre Firma vor Viren, Hackern und gef\u00e4hrlichen E-Mails.<\/p>\n<\/div>\n<\/div>\n\n\n\n<div class=\"wp-block-greenshift-blocks-container gspb_container gspb_container-gsbp-36fcbb0\" id=\"gspb_container-id-gsbp-36fcbb0\" data-aos=\"fade\" data-aos-delay=\"2500\" data-aos-easing=\"ease\" data-aos-duration=\"1000\" data-aos-once=\"true\">\n<div class=\"wp-block-group is-nowrap is-layout-flex wp-container-core-group-is-layout-6c531013 wp-block-group-is-layout-flex\">\n<div class=\"wp-block-yuky-block-icons-google\"><div class=\"box-icon\"><span class=\"material-symbols-outlined\" aria-label=\"Health And Safety\" style=\"font-variation-settings:&quot;FILL&quot; 0, &quot;wght&quot; 400, &quot;GRAD&quot; 0, &quot;opsz&quot; 24;font-size:70px;color:#42a62a;--block-icons-google-hover-color:#333\">health_and_safety<\/span><\/div><\/div>\n\n\n\n<p><strong>Backup &amp; Datensicherung:<\/strong> Wir erstellen Kopien Ihrer wichtigen Dateien, damit nichts verloren geht.<\/p>\n<\/div>\n<\/div>\n\n\n\n<div class=\"wp-block-greenshift-blocks-container gspb_container gspb_container-gsbp-f666fff\" id=\"gspb_container-id-gsbp-f666fff\" data-aos=\"fade\" data-aos-delay=\"3000\" data-aos-easing=\"ease\" data-aos-duration=\"1000\" data-aos-once=\"true\">\n<div class=\"wp-block-group is-nowrap is-layout-flex wp-container-core-group-is-layout-6c531013 wp-block-group-is-layout-flex\">\n<div class=\"wp-block-yuky-block-icons-google\"><div class=\"box-icon\"><span class=\"material-symbols-outlined\" aria-label=\"Network Check\" style=\"font-variation-settings:&quot;FILL&quot; 0, &quot;wght&quot; 400, &quot;GRAD&quot; 0, &quot;opsz&quot; 24;font-size:70px;color:#42a62a;--block-icons-google-hover-color:#333\">network_check<\/span><\/div><\/div>\n\n\n\n<p><strong>Netzwerk-Einrichtung:<\/strong> Wir sorgen daf\u00fcr, dass Ihr WLAN und Internet im ganzen B\u00fcro schnell und stabil sind.<\/p>\n<\/div>\n<\/div>\n\n\n\n<div class=\"wp-block-greenshift-blocks-container gspb_container gspb_container-gsbp-a67d709\" id=\"gspb_container-id-gsbp-a67d709\" data-aos=\"fade\" data-aos-delay=\"3500\" data-aos-easing=\"ease\" data-aos-duration=\"1000\" data-aos-once=\"true\">\n<div class=\"wp-block-group is-nowrap is-layout-flex wp-container-core-group-is-layout-6c531013 wp-block-group-is-layout-flex\">\n<div class=\"wp-block-yuky-block-icons-google\"><div class=\"box-icon\"><span class=\"material-symbols-outlined\" aria-label=\"Devices\" style=\"font-variation-settings:&quot;FILL&quot; 0, &quot;wght&quot; 400, &quot;GRAD&quot; 0, &quot;opsz&quot; 24;font-size:70px;color:#42a62a;--block-icons-google-hover-color:#333\">devices<\/span><\/div><\/div>\n\n\n\n<p><strong>Hardware-Service:<\/strong> Wir suchen die passenden Laptops und Server f\u00fcr Sie aus und richten alles ein.<\/p>\n<\/div>\n<\/div>\n\n\n\n<div class=\"wp-block-greenshift-blocks-container gspb_container gspb_container-gsbp-6d77896\" id=\"gspb_container-id-gsbp-6d77896\" data-aos=\"fade\" data-aos-delay=\"4000\" data-aos-easing=\"ease\" data-aos-duration=\"1000\" data-aos-once=\"true\">\n<div class=\"wp-block-group is-nowrap is-layout-flex wp-container-core-group-is-layout-6c531013 wp-block-group-is-layout-flex\">\n<div class=\"wp-block-yuky-block-icons-google\"><div class=\"box-icon\"><span class=\"material-symbols-outlined\" aria-label=\"spaper\" style=\"font-variation-settings:&quot;FILL&quot; 0, &quot;wght&quot; 400, &quot;GRAD&quot; 0, &quot;opsz&quot; 24;font-size:70px;color:#42a62a;--block-icons-google-hover-color:#333\">newspaper<\/span><\/div><\/div>\n\n\n\n<p><strong>Software-Beratung:<\/strong> Wir finden und installieren die Programme, die Ihre t\u00e4gliche Arbeit einfacher machen.<\/p>\n<\/div>\n<\/div>\n\n\n\n<div class=\"wp-block-greenshift-blocks-container gspb_container gspb_container-gsbp-83d4eb7\" id=\"gspb_container-id-gsbp-83d4eb7\" data-aos=\"fade\" data-aos-delay=\"4500\" data-aos-easing=\"ease\" data-aos-duration=\"1000\" data-aos-once=\"true\">\n<div class=\"wp-block-group is-nowrap is-layout-flex wp-container-core-group-is-layout-6c531013 wp-block-group-is-layout-flex\">\n<div class=\"wp-block-yuky-block-icons-google\"><div class=\"box-icon\"><span class=\"material-symbols-outlined\" aria-label=\"Contact Phone\" style=\"font-variation-settings:&quot;FILL&quot; 0, &quot;wght&quot; 400, &quot;GRAD&quot; 0, &quot;opsz&quot; 24;font-size:70px;color:#42a62a;--block-icons-google-hover-color:#333\">contact_phone<\/span><\/div><\/div>\n\n\n\n<p><strong>IT-Beratung:<\/strong> Wir planen gemeinsam mit Ihnen, wie Ihre Technik in der Zukunft aussehen soll.<\/p>\n<\/div>\n<\/div>\n","protected":false},"excerpt":{"rendered":"<p>Wir k\u00fcmmern uns darum, dass Ihre Technik im Alltag reibungslos funktioniert. Unser Ziel ist es, Ihnen den R\u00fccken freizuhalten, damit Sie sich voll und ganz auf Ihr Kerngesch\u00e4ft konzentrieren k\u00f6nnen. Dabei setzen wir auf verst\u00e4ndliche L\u00f6sungen statt kompliziertem Fachchinesisch.<\/p>\n","protected":false},"author":1,"featured_media":0,"parent":0,"menu_order":2,"comment_status":"closed","ping_status":"closed","template":"","meta":{"_gspb_post_css":".gspb_container-id-gsbp-25a05bb,.gspb_container-id-gsbp-36fcbb0,.gspb_container-id-gsbp-6d77896,.gspb_container-id-gsbp-83d4eb7,.gspb_container-id-gsbp-9e968e1,.gspb_container-id-gsbp-a67d709,.gspb_container-id-gsbp-a723a73,.gspb_container-id-gsbp-f65fc4d,.gspb_container-id-gsbp-f666fff{flex-direction:column;box-sizing:border-box}#gspb_container-id-gsbp-25a05bb.gspb_container>p:last-of-type,#gspb_container-id-gsbp-36fcbb0.gspb_container>p:last-of-type,#gspb_container-id-gsbp-6d77896.gspb_container>p:last-of-type,#gspb_container-id-gsbp-83d4eb7.gspb_container>p:last-of-type,#gspb_container-id-gsbp-9e968e1.gspb_container>p:last-of-type,#gspb_container-id-gsbp-a67d709.gspb_container>p:last-of-type,#gspb_container-id-gsbp-a723a73.gspb_container>p:last-of-type,#gspb_container-id-gsbp-f65fc4d.gspb_container>p:last-of-type,#gspb_container-id-gsbp-f666fff.gspb_container>p:last-of-type{margin-bottom:0}#gspb_container-id-gsbp-9e968e1.gspb_container{position:relative;transition-duration:1s;transition-timing-function:var(--gs-root-animation-easing, cubic-bezier(0.42, 0, 0.58, 1));transition-delay:0s;opacity:var(--gs-root-animation-opacity, 0);transition-property:opacity,transform,filter}#gspb_container-id-gsbp-9e968e1.gspb_container.aos-animate,#gspb_container-id-gsbp-9e968e1.gspb_container[data-gs-aos]{transition-delay:.5s;--gs-root-animation-delay:0.5s;opacity:1;transform:translateZ(0)}#gspb_container-id-gsbp-a723a73.gspb_container.aos-animate,#gspb_container-id-gsbp-a723a73.gspb_container[data-gs-aos]{transition-delay:1s;--gs-root-animation-delay:1s;opacity:1;transform:translateZ(0)}#gspb_container-id-gsbp-a723a73.gspb_container,#gspb_container-id-gsbp-f65fc4d.gspb_container{position:relative;transition-duration:1s;transition-timing-function:var(--gs-root-animation-easing, cubic-bezier(0.42, 0, 0.58, 1));transition-delay:0s;opacity:var(--gs-root-animation-opacity, 0);transition-property:opacity,transform,filter}#gspb_container-id-gsbp-f65fc4d.gspb_container.aos-animate,#gspb_container-id-gsbp-f65fc4d.gspb_container[data-gs-aos]{transition-delay:1.5s;--gs-root-animation-delay:1.5s;opacity:1;transform:translateZ(0)}#gspb_container-id-gsbp-25a05bb.gspb_container.aos-animate,#gspb_container-id-gsbp-25a05bb.gspb_container[data-gs-aos]{transition-delay:2s;--gs-root-animation-delay:2s;opacity:1;transform:translateZ(0)}#gspb_container-id-gsbp-25a05bb.gspb_container,#gspb_container-id-gsbp-36fcbb0.gspb_container{position:relative;transition-duration:1s;transition-timing-function:var(--gs-root-animation-easing, cubic-bezier(0.42, 0, 0.58, 1));transition-delay:0s;opacity:var(--gs-root-animation-opacity, 0);transition-property:opacity,transform,filter}#gspb_container-id-gsbp-36fcbb0.gspb_container.aos-animate,#gspb_container-id-gsbp-36fcbb0.gspb_container[data-gs-aos]{transition-delay:2.5s;--gs-root-animation-delay:2.5s;opacity:1;transform:translateZ(0)}#gspb_container-id-gsbp-f666fff.gspb_container.aos-animate,#gspb_container-id-gsbp-f666fff.gspb_container[data-gs-aos]{transition-delay:3s;--gs-root-animation-delay:3s;opacity:1;transform:translateZ(0)}#gspb_container-id-gsbp-a67d709.gspb_container,#gspb_container-id-gsbp-f666fff.gspb_container{position:relative;transition-duration:1s;transition-timing-function:var(--gs-root-animation-easing, cubic-bezier(0.42, 0, 0.58, 1));transition-delay:0s;opacity:var(--gs-root-animation-opacity, 0);transition-property:opacity,transform,filter}#gspb_container-id-gsbp-a67d709.gspb_container.aos-animate,#gspb_container-id-gsbp-a67d709.gspb_container[data-gs-aos]{transition-delay:3.5s;--gs-root-animation-delay:3.5s;opacity:1;transform:translateZ(0)}#gspb_container-id-gsbp-6d77896.gspb_container.aos-animate,#gspb_container-id-gsbp-6d77896.gspb_container[data-gs-aos]{transition-delay:4s;--gs-root-animation-delay:4s;opacity:1;transform:translateZ(0)}#gspb_container-id-gsbp-6d77896.gspb_container,#gspb_container-id-gsbp-83d4eb7.gspb_container{position:relative;transition-duration:1s;transition-timing-function:var(--gs-root-animation-easing, cubic-bezier(0.42, 0, 0.58, 1));transition-delay:0s;opacity:var(--gs-root-animation-opacity, 0);transition-property:opacity,transform,filter}#gspb_container-id-gsbp-83d4eb7.gspb_container.aos-animate,#gspb_container-id-gsbp-83d4eb7.gspb_container[data-gs-aos]{transition-delay:4.5s;--gs-root-animation-delay:4.5s;opacity:1;transform:translateZ(0)}","footnotes":""},"class_list":["post-141","page","type-page","status-publish","hentry"],"featured_image_src":null,"_links":{"self":[{"href":"https:\/\/www.mynet-online.com\/index.php\/wp-json\/wp\/v2\/pages\/141","targetHints":{"allow":["GET"]}}],"collection":[{"href":"https:\/\/www.mynet-online.com\/index.php\/wp-json\/wp\/v2\/pages"}],"about":[{"href":"https:\/\/www.mynet-online.com\/index.php\/wp-json\/wp\/v2\/types\/page"}],"author":[{"embeddable":true,"href":"https:\/\/www.mynet-online.com\/index.php\/wp-json\/wp\/v2\/users\/1"}],"replies":[{"embeddable":true,"href":"https:\/\/www.mynet-online.com\/index.php\/wp-json\/wp\/v2\/comments?post=141"}],"version-history":[{"count":14,"href":"https:\/\/www.mynet-online.com\/index.php\/wp-json\/wp\/v2\/pages\/141\/revisions"}],"predecessor-version":[{"id":284,"href":"https:\/\/www.mynet-online.com\/index.php\/wp-json\/wp\/v2\/pages\/141\/revisions\/284"}],"wp:attachment":[{"href":"https:\/\/www.mynet-online.com\/index.php\/wp-json\/wp\/v2\/media?parent=141"}],"curies":[{"name":"wp","href":"https:\/\/api.w.org\/{rel}","templated":true}]}}