{"id":137,"date":"2026-01-29T11:28:32","date_gmt":"2026-01-29T10:28:32","guid":{"rendered":"http:\/\/192.168.0.62\/?page_id=137"},"modified":"2026-02-05T12:03:52","modified_gmt":"2026-02-05T11:03:52","slug":"home","status":"publish","type":"page","link":"https:\/\/www.mynet-online.com\/","title":{"rendered":"Home"},"content":{"rendered":"\n<div class=\"wp-block-group alignwide is-layout-flow wp-block-group-is-layout-flow\">\n<p class=\"has-text-align-center\">Willkommen auf der Webseite der myNet IT Consulting \u2013 Ihr R\u00fcckgrat f\u00fcr moderne IT.<\/p>\n<\/div>\n\n\n\n<div style=\"height:20px\" aria-hidden=\"true\" class=\"wp-block-spacer\"><\/div>\n\n\n\n<div class=\"wp-block-group alignwide is-layout-flow wp-block-group-is-layout-flow\">\n<p class=\"has-text-align-center is-style-default\"><strong>Technik muss laufen \u2013 ohne Wenn und Aber.<\/strong> In einer digitalen Welt ist eine stabile IT die Basis f\u00fcr Ihren Erfolg. Wir sorgen daf\u00fcr, dass Ihre Server laufen, Ihre Daten sicher sind und Ihre Mitarbeiter ungest\u00f6rt arbeiten k\u00f6nnen. Wir sind kein anonymer IT-Riese, sondern Ihr pers\u00f6nlicher Ansprechpartner auf Augenh\u00f6he.<\/p>\n<\/div>\n\n\n\n<div style=\"height:20px\" aria-hidden=\"true\" class=\"wp-block-spacer\"><\/div>\n\n\n\n<p class=\"has-text-align-center\"><strong>Was wir f\u00fcr Sie tun:<\/strong><\/p>\n\n\n<style>.gspb_container-id-gsbp-e92eac8{flex-direction:column;box-sizing:border-box;}#gspb_container-id-gsbp-e92eac8.gspb_container > p:last-of-type{margin-bottom:0}#gspb_container-id-gsbp-e92eac8.gspb_container{position:relative;}#gspb_container-id-gsbp-e92eac8.gspb_container{transition-duration:1s;}#gspb_container-id-gsbp-e92eac8.gspb_container{transition-timing-function:var(--gs-root-animation-easing,cubic-bezier(0.42,0,0.58,1));}#gspb_container-id-gsbp-e92eac8.gspb_container{transition-delay:0s;}#gspb_container-id-gsbp-e92eac8.gspb_container.aos-animate,#gspb_container-id-gsbp-e92eac8.gspb_container[data-gs-aos]{transition-delay:0.5s;--gs-root-animation-delay:0.5s;}#gspb_container-id-gsbp-e92eac8.gspb_container{opacity:var(--gs-root-animation-opacity,0);transition-property:opacity,transform,filter;}#gspb_container-id-gsbp-e92eac8.gspb_container.aos-animate,#gspb_container-id-gsbp-e92eac8.gspb_container[data-gs-aos]{opacity:1;transform:translateZ(0);}<\/style>\n<div class=\"wp-block-greenshift-blocks-container gspb_container gspb_container-gsbp-e92eac8\" id=\"gspb_container-id-gsbp-e92eac8\" data-aos=\"fade\" data-aos-delay=\"500\" data-aos-easing=\"ease\" data-aos-duration=\"1000\" data-aos-once=\"true\">\n<div class=\"wp-block-group is-nowrap is-layout-flex wp-container-core-group-is-layout-6c531013 wp-block-group-is-layout-flex\">\n<div class=\"wp-block-yuky-block-icons-google\"><div class=\"box-icon\"><span class=\"material-symbols-outlined\" aria-label=\"Done\" style=\"font-variation-settings:&quot;FILL&quot; 0, &quot;wght&quot; 400, &quot;GRAD&quot; 0, &quot;opsz&quot; 24;font-size:70px;color:#42a62a;--block-icons-google-hover-color:#333\">done<\/span><\/div><\/div>\n\n\n\n<p><strong>Sicherheit:<\/strong> Wir sch\u00fctzen Ihr Unternehmen vor digitalen Angriffen.<\/p>\n<\/div>\n<\/div>\n\n\n\n<div class=\"wp-block-group is-nowrap is-layout-flex wp-container-core-group-is-layout-6c531013 wp-block-group-is-layout-flex\"><style>.gspb_container-id-gsbp-152f185{flex-direction:column;box-sizing:border-box;}#gspb_container-id-gsbp-152f185.gspb_container > p:last-of-type{margin-bottom:0}#gspb_container-id-gsbp-152f185.gspb_container{position:relative;}#gspb_container-id-gsbp-152f185.gspb_container{margin-bottom:0px;}#gspb_container-id-gsbp-152f185.gspb_container{transition-duration:1s;}#gspb_container-id-gsbp-152f185.gspb_container{transition-timing-function:var(--gs-root-animation-easing,cubic-bezier(0.42,0,0.58,1));}#gspb_container-id-gsbp-152f185.gspb_container{transition-delay:0s;}#gspb_container-id-gsbp-152f185.gspb_container.aos-animate,#gspb_container-id-gsbp-152f185.gspb_container[data-gs-aos]{transition-delay:1s;--gs-root-animation-delay:1s;}#gspb_container-id-gsbp-152f185.gspb_container{opacity:var(--gs-root-animation-opacity,0);transition-property:opacity,transform,filter;}#gspb_container-id-gsbp-152f185.gspb_container.aos-animate,#gspb_container-id-gsbp-152f185.gspb_container[data-gs-aos]{opacity:1;transform:translateZ(0);}<\/style>\n<div class=\"wp-block-greenshift-blocks-container gspb_container gspb_container-gsbp-152f185\" id=\"gspb_container-id-gsbp-152f185\" data-aos=\"fade\" data-aos-delay=\"1000\" data-aos-easing=\"ease\" data-aos-duration=\"1000\" data-aos-once=\"true\">\n<div class=\"wp-block-group is-nowrap is-layout-flex wp-container-core-group-is-layout-6c531013 wp-block-group-is-layout-flex\">\n<div class=\"wp-block-yuky-block-icons-google\"><div class=\"box-icon\"><span class=\"material-symbols-outlined\" aria-label=\"Done\" style=\"font-variation-settings:&quot;FILL&quot; 0, &quot;wght&quot; 400, &quot;GRAD&quot; 0, &quot;opsz&quot; 24;font-size:70px;color:#42a62a;--block-icons-google-hover-color:#333\">done<\/span><\/div><\/div>\n\n\n\n<p><strong>Stabilit\u00e4t:<\/strong> Wir warten Ihre Systeme, bevor Probleme entstehen.<\/p>\n<\/div>\n<\/div>\n<\/div>\n\n\n<style>.gspb_container-id-gsbp-d4b63bb{flex-direction:column;box-sizing:border-box;}#gspb_container-id-gsbp-d4b63bb.gspb_container > p:last-of-type{margin-bottom:0}#gspb_container-id-gsbp-d4b63bb.gspb_container{position:relative;}#gspb_container-id-gsbp-d4b63bb.gspb_container{margin-bottom:0px;}#gspb_container-id-gsbp-d4b63bb.gspb_container{transition-duration:1s;}#gspb_container-id-gsbp-d4b63bb.gspb_container{transition-timing-function:var(--gs-root-animation-easing,cubic-bezier(0.42,0,0.58,1));}#gspb_container-id-gsbp-d4b63bb.gspb_container{transition-delay:0s;}#gspb_container-id-gsbp-d4b63bb.gspb_container.aos-animate,#gspb_container-id-gsbp-d4b63bb.gspb_container[data-gs-aos]{transition-delay:1.5s;--gs-root-animation-delay:1.5s;}#gspb_container-id-gsbp-d4b63bb.gspb_container{opacity:var(--gs-root-animation-opacity,0);transition-property:opacity,transform,filter;}#gspb_container-id-gsbp-d4b63bb.gspb_container.aos-animate,#gspb_container-id-gsbp-d4b63bb.gspb_container[data-gs-aos]{opacity:1;transform:translateZ(0);}<\/style>\n<div class=\"wp-block-greenshift-blocks-container gspb_container gspb_container-gsbp-d4b63bb\" id=\"gspb_container-id-gsbp-d4b63bb\" data-aos=\"fade\" data-aos-delay=\"1500\" data-aos-easing=\"ease\" data-aos-duration=\"1000\" data-aos-once=\"true\">\n<div class=\"wp-block-group is-nowrap is-layout-flex wp-container-core-group-is-layout-6c531013 wp-block-group-is-layout-flex\">\n<div class=\"wp-block-yuky-block-icons-google\"><div class=\"box-icon\"><span class=\"material-symbols-outlined\" aria-label=\"Done\" style=\"font-variation-settings:&quot;FILL&quot; 0, &quot;wght&quot; 400, &quot;GRAD&quot; 0, &quot;opsz&quot; 24;font-size:70px;color:#42a62a;--block-icons-google-hover-color:#333\">done<\/span><\/div><\/div>\n\n\n\n<p><strong>Flexibilit\u00e4t:<\/strong> Wir bringen Ihr Team sicher in die Cloud.<\/p>\n<\/div>\n<\/div>\n\n\n<style>.gspb_container-id-gsbp-428ce0c{flex-direction:column;box-sizing:border-box;}#gspb_container-id-gsbp-428ce0c.gspb_container > p:last-of-type{margin-bottom:0}#gspb_container-id-gsbp-428ce0c.gspb_container{position:relative;}#gspb_container-id-gsbp-428ce0c.gspb_container{transition-duration:1s;}#gspb_container-id-gsbp-428ce0c.gspb_container{transition-timing-function:var(--gs-root-animation-easing,cubic-bezier(0.42,0,0.58,1));}#gspb_container-id-gsbp-428ce0c.gspb_container{transition-delay:0s;}#gspb_container-id-gsbp-428ce0c.gspb_container.aos-animate,#gspb_container-id-gsbp-428ce0c.gspb_container[data-gs-aos]{transition-delay:2s;--gs-root-animation-delay:2s;}#gspb_container-id-gsbp-428ce0c.gspb_container{opacity:var(--gs-root-animation-opacity,0);transition-property:opacity,transform,filter;}#gspb_container-id-gsbp-428ce0c.gspb_container.aos-animate,#gspb_container-id-gsbp-428ce0c.gspb_container[data-gs-aos]{opacity:1;transform:translateZ(0);}<\/style>\n<div class=\"wp-block-greenshift-blocks-container gspb_container gspb_container-gsbp-428ce0c\" id=\"gspb_container-id-gsbp-428ce0c\" data-aos=\"fade\" data-aos-delay=\"2000\" data-aos-easing=\"ease\" data-aos-duration=\"1000\" data-aos-once=\"true\">\n<div class=\"wp-block-group is-nowrap is-layout-flex wp-container-core-group-is-layout-6c531013 wp-block-group-is-layout-flex\">\n<div class=\"wp-block-yuky-block-icons-google\"><div class=\"box-icon\"><span class=\"material-symbols-outlined\" aria-label=\"Done\" style=\"font-variation-settings:&quot;FILL&quot; 0, &quot;wght&quot; 400, &quot;GRAD&quot; 0, &quot;opsz&quot; 24;font-size:70px;color:#42a62a;--block-icons-google-hover-color:#333\">done<\/span><\/div><\/div>\n\n\n\n<p><strong>Support:<\/strong> Wir helfen sofort, wenn es brennt \u2013 ohne Fachchinesisch.<\/p>\n<\/div>\n<\/div>\n\n\n\n<div style=\"height:20px\" aria-hidden=\"true\" class=\"wp-block-spacer\"><\/div>\n\n\n\n<p class=\"has-text-align-center\"><strong>\u201eWir k\u00fcmmern uns um die Technik, damit Sie Zeit f\u00fcr das Wesentliche haben.\u201c<\/strong><\/p>\n\n\n\n<div style=\"height:22px\" aria-hidden=\"true\" class=\"wp-block-spacer\"><\/div>\n\n\n\n<div class=\"wp-block-buttons is-content-justification-center is-layout-flex wp-container-core-buttons-is-layout-a89b3969 wp-block-buttons-is-layout-flex\">\n<div class=\"wp-block-button\"><a class=\"wp-block-button__link has-text-align-center wp-element-button\" href=\"http:\/\/www.mynet-online.com\/index.php\/kontakt\/\">Jetzt unverbindlich Beraten lassen<\/a><\/div>\n<\/div>\n","protected":false},"excerpt":{"rendered":"<p>Willkommen auf der Webseite der myNet IT Consulting \u2013 Ihr R\u00fcckgrat f\u00fcr moderne IT. Technik muss laufen \u2013 ohne Wenn und Aber. In einer digitalen Welt ist eine stabile IT die Basis f\u00fcr Ihren Erfolg. Wir sorgen daf\u00fcr, dass Ihre Server laufen, Ihre Daten sicher sind und Ihre Mitarbeiter ungest\u00f6rt arbeiten k\u00f6nnen. Wir sind kein [&hellip;]<\/p>\n","protected":false},"author":1,"featured_media":0,"parent":0,"menu_order":1,"comment_status":"closed","ping_status":"closed","template":"","meta":{"_gspb_post_css":".gspb_container-id-gsbp-152f185,.gspb_container-id-gsbp-428ce0c,.gspb_container-id-gsbp-d4b63bb,.gspb_container-id-gsbp-e92eac8{flex-direction:column;box-sizing:border-box}#gspb_container-id-gsbp-152f185.gspb_container>p:last-of-type,#gspb_container-id-gsbp-428ce0c.gspb_container>p:last-of-type,#gspb_container-id-gsbp-d4b63bb.gspb_container>p:last-of-type,#gspb_container-id-gsbp-e92eac8.gspb_container>p:last-of-type{margin-bottom:0}#gspb_container-id-gsbp-152f185.gspb_container,#gspb_container-id-gsbp-e92eac8.gspb_container{position:relative;transition-duration:1s;transition-timing-function:var(--gs-root-animation-easing, cubic-bezier(0.42, 0, 0.58, 1));transition-delay:0s;opacity:var(--gs-root-animation-opacity, 0);transition-property:opacity,transform,filter}#gspb_container-id-gsbp-e92eac8.gspb_container.aos-animate,#gspb_container-id-gsbp-e92eac8.gspb_container[data-gs-aos]{transition-delay:.5s;--gs-root-animation-delay:0.5s;opacity:1;transform:translateZ(0)}#gspb_container-id-gsbp-152f185.gspb_container{margin-bottom:0}#gspb_container-id-gsbp-152f185.gspb_container.aos-animate,#gspb_container-id-gsbp-152f185.gspb_container[data-gs-aos]{transition-delay:1s;--gs-root-animation-delay:1s;opacity:1;transform:translateZ(0)}#gspb_container-id-gsbp-d4b63bb.gspb_container{margin-bottom:0}#gspb_container-id-gsbp-d4b63bb.gspb_container.aos-animate,#gspb_container-id-gsbp-d4b63bb.gspb_container[data-gs-aos]{transition-delay:1.5s;--gs-root-animation-delay:1.5s;opacity:1;transform:translateZ(0)}#gspb_container-id-gsbp-428ce0c.gspb_container,#gspb_container-id-gsbp-d4b63bb.gspb_container{position:relative;transition-duration:1s;transition-timing-function:var(--gs-root-animation-easing, cubic-bezier(0.42, 0, 0.58, 1));transition-delay:0s;opacity:var(--gs-root-animation-opacity, 0);transition-property:opacity,transform,filter}#gspb_container-id-gsbp-428ce0c.gspb_container.aos-animate,#gspb_container-id-gsbp-428ce0c.gspb_container[data-gs-aos]{transition-delay:2s;--gs-root-animation-delay:2s;opacity:1;transform:translateZ(0)}","footnotes":""},"class_list":["post-137","page","type-page","status-publish","hentry"],"featured_image_src":null,"_links":{"self":[{"href":"https:\/\/www.mynet-online.com\/index.php\/wp-json\/wp\/v2\/pages\/137","targetHints":{"allow":["GET"]}}],"collection":[{"href":"https:\/\/www.mynet-online.com\/index.php\/wp-json\/wp\/v2\/pages"}],"about":[{"href":"https:\/\/www.mynet-online.com\/index.php\/wp-json\/wp\/v2\/types\/page"}],"author":[{"embeddable":true,"href":"https:\/\/www.mynet-online.com\/index.php\/wp-json\/wp\/v2\/users\/1"}],"replies":[{"embeddable":true,"href":"https:\/\/www.mynet-online.com\/index.php\/wp-json\/wp\/v2\/comments?post=137"}],"version-history":[{"count":33,"href":"https:\/\/www.mynet-online.com\/index.php\/wp-json\/wp\/v2\/pages\/137\/revisions"}],"predecessor-version":[{"id":306,"href":"https:\/\/www.mynet-online.com\/index.php\/wp-json\/wp\/v2\/pages\/137\/revisions\/306"}],"wp:attachment":[{"href":"https:\/\/www.mynet-online.com\/index.php\/wp-json\/wp\/v2\/media?parent=137"}],"curies":[{"name":"wp","href":"https:\/\/api.w.org\/{rel}","templated":true}]}}